{"id":222,"date":"2021-04-29T11:55:45","date_gmt":"2021-04-29T04:55:45","guid":{"rendered":"https:\/\/yte.thietkeweb3s.com\/?page_id=222"},"modified":"2021-04-29T14:28:33","modified_gmt":"2021-04-29T07:28:33","slug":"ve-chung-toi","status":"publish","type":"page","link":"https:\/\/yte.thietkeweb3s.com\/en\/gioi-thieu\/ve-chung-toi\/","title":{"rendered":"About Us"},"content":{"rendered":"<div class=\"wp-block-columns\">\n<div class=\"wp-block-column\">\n<h2>Introduction<\/h2>\n\n\n\n<p class=\"has-medium-font-size\">C\u00f4ng ty TNHH HANDAN \u0111\u01b0\u1ee3c th\u00e0nh l\u1eadp n\u0103m 2015. Ch\u00fang t\u00f4i l\u00e0 nh\u00e0 cung c\u1ea5p uy t\u00edn s\u1ea3n ph\u1ea9m ph\u00f2ng s\u1ea1ch, c\u00e1c s\u1ea3n ph\u1ea9m t\u0129nh \u0111i\u1ec7n, c\u00e1c s\u1ea3n ph\u1ea9m \u0111\u00f3ng g\u00f3i, ch\u1ea5t h\u00fat \u1ea9m, dung m\u00f4i h\u00f3a h\u1ecdc v\u00e0 thi\u1ebft b\u1ecb c\u00f4ng nghi\u1ec7p.<\/p>\n\n\n\n<p class=\"has-medium-font-size\">Our company always adheres to the motto \"Innovation, prestige, integrity, creativity\", dedicated to researching and supplying industrial products for customers.\u00a0<\/p>\n\n\n\n<p class=\"has-medium-font-size\">Our company's products are widely used in the industries of LED, automotive, electronics, optical manufacturing (including mobile phone \/ computer \/ camera \/ LCD, etc.), semiconductor industry. industry, motors, transformers, microelectronics, information materials, medical and other industries.<\/p>\n<\/div>\n\n\n\n<div class=\"wp-block-column\">\n<figure class=\"wp-block-image size-large is-style-rounded\"><img loading=\"lazy\" width=\"1024\" height=\"666\" src=\"https:\/\/yte.thietkeweb3s.com\/wp-content\/uploads\/2021\/04\/top-view-safety-construction-helmet-medical-mask-1024x666.jpg\" alt=\"\" class=\"wp-image-139\" srcset=\"https:\/\/yte.thietkeweb3s.com\/wp-content\/uploads\/2021\/04\/top-view-safety-construction-helmet-medical-mask-1024x666.jpg 1024w, https:\/\/yte.thietkeweb3s.com\/wp-content\/uploads\/2021\/04\/top-view-safety-construction-helmet-medical-mask-300x195.jpg 300w, https:\/\/yte.thietkeweb3s.com\/wp-content\/uploads\/2021\/04\/top-view-safety-construction-helmet-medical-mask-768x499.jpg 768w, https:\/\/yte.thietkeweb3s.com\/wp-content\/uploads\/2021\/04\/top-view-safety-construction-helmet-medical-mask-1536x998.jpg 1536w, https:\/\/yte.thietkeweb3s.com\/wp-content\/uploads\/2021\/04\/top-view-safety-construction-helmet-medical-mask-510x332.jpg 510w, https:\/\/yte.thietkeweb3s.com\/wp-content\/uploads\/2021\/04\/top-view-safety-construction-helmet-medical-mask.jpg 1920w\" sizes=\"(max-width: 1024px) 100vw, 1024px\" \/><\/figure>\n<\/div>\n<\/div>\n\n\n\n<p class=\"has-medium-font-size\">Our products are always guaranteed for quality and on-time delivery. The products have passed the testing to ensure environmental safety by domestic and foreign quality control organizations.<\/p>\n\n\n\n<p class=\"has-medium-font-size\">The entire staff of our company always set the goal \"Top quality, reliability first, customers first\", dedicated to bringing the best quality to customers, ensuring products. products and services are always competitive, constantly meeting the needs of customers.<\/p>\n\n\n\n<p class=\"has-medium-font-size\">Handan Co., Ltd. hopes to cooperate with customers for mutual development<\/p>","protected":false},"excerpt":{"rendered":"<p>L\u1edcI GI\u1edaI THI\u1ec6U C\u00f4ng ty TNHH HANDAN \u0111\u01b0\u1ee3c th\u00e0nh l\u1eadp n\u0103m 2015. Ch\u00fang t\u00f4i l\u00e0 nh\u00e0 cung c\u1ea5p uy t\u00edn s\u1ea3n ph\u1ea9m ph\u00f2ng s\u1ea1ch, c\u00e1c s\u1ea3n ph\u1ea9m t\u0129nh \u0111i\u1ec7n, c\u00e1c s\u1ea3n ph\u1ea9m \u0111\u00f3ng g\u00f3i, ch\u1ea5t h\u00fat \u1ea9m, dung m\u00f4i h\u00f3a h\u1ecdc v\u00e0 thi\u1ebft b\u1ecb c\u00f4ng nghi\u1ec7p. C\u00f4ng ty ch\u00fang t\u00f4i lu\u00f4n tu\u00e2n th\u1ee7 theo ph\u01b0\u01a1ng [&#8230;]","protected":false},"author":1,"featured_media":0,"parent":34,"menu_order":0,"comment_status":"closed","ping_status":"closed","template":"","meta":[],"_links":{"self":[{"href":"https:\/\/yte.thietkeweb3s.com\/en\/wp-json\/wp\/v2\/pages\/222"}],"collection":[{"href":"https:\/\/yte.thietkeweb3s.com\/en\/wp-json\/wp\/v2\/pages"}],"about":[{"href":"https:\/\/yte.thietkeweb3s.com\/en\/wp-json\/wp\/v2\/types\/page"}],"author":[{"embeddable":true,"href":"https:\/\/yte.thietkeweb3s.com\/en\/wp-json\/wp\/v2\/users\/1"}],"replies":[{"embeddable":true,"href":"https:\/\/yte.thietkeweb3s.com\/en\/wp-json\/wp\/v2\/comments?post=222"}],"version-history":[{"count":0,"href":"https:\/\/yte.thietkeweb3s.com\/en\/wp-json\/wp\/v2\/pages\/222\/revisions"}],"up":[{"embeddable":true,"href":"https:\/\/yte.thietkeweb3s.com\/en\/wp-json\/wp\/v2\/pages\/34"}],"wp:attachment":[{"href":"https:\/\/yte.thietkeweb3s.com\/en\/wp-json\/wp\/v2\/media?parent=222"}],"curies":[{"name":"wp","href":"https:\/\/api.w.org\/{rel}","templated":true}]}}